{"id":2,"date":"2025-03-17T16:07:57","date_gmt":"2025-03-17T16:07:57","guid":{"rendered":"https:\/\/www.calorpanama.com\/?page_id=2"},"modified":"2025-03-18T18:03:32","modified_gmt":"2025-03-18T18:03:32","slug":"sample-page","status":"publish","type":"page","link":"https:\/\/www.calorpanama.com\/","title":{"rendered":"home"},"content":{"rendered":"<style>.kb-row-layout-id2_7a91c1-67 > .kt-row-column-wrap{align-content:start;}:where(.kb-row-layout-id2_7a91c1-67 > .kt-row-column-wrap) > .wp-block-kadence-column{justify-content:start;}.kb-row-layout-id2_7a91c1-67 > .kt-row-column-wrap{column-gap:var(--global-kb-gap-md, 2rem);row-gap:var(--global-kb-gap-md, 2rem);max-width:2000px;margin-left:auto;margin-right:auto;padding-bottom:var(--global-kb-spacing-sm, 1.5rem);grid-template-columns:minmax(0, 1fr);}.kb-row-layout-id2_7a91c1-67{background-color:#92a072;}.kb-row-layout-id2_7a91c1-67 > .kt-row-layout-overlay{opacity:0.30;}@media all and (max-width: 1024px){.kb-row-layout-id2_7a91c1-67 > .kt-row-column-wrap{grid-template-columns:minmax(0, 1fr);}}@media all and (max-width: 767px){.kb-row-layout-id2_7a91c1-67 > .kt-row-column-wrap{grid-template-columns:minmax(0, 1fr);}}<\/style><div class=\"kb-row-layout-wrap kb-row-layout-id2_7a91c1-67 alignfull kt-row-has-bg wp-block-kadence-rowlayout\"><div class=\"kt-row-column-wrap kt-has-1-columns kt-row-layout-equal kt-tab-layout-inherit kt-mobile-layout-row kt-row-valign-top\">\n<style>.kadence-column2_ff567e-2d > .kt-inside-inner-col,.kadence-column2_ff567e-2d > .kt-inside-inner-col:before{border-top-left-radius:0px;border-top-right-radius:0px;border-bottom-right-radius:0px;border-bottom-left-radius:0px;}.kadence-column2_ff567e-2d > .kt-inside-inner-col{column-gap:var(--global-kb-gap-sm, 1rem);}.kadence-column2_ff567e-2d > .kt-inside-inner-col{flex-direction:column;}.kadence-column2_ff567e-2d > .kt-inside-inner-col > .aligncenter{width:100%;}.kadence-column2_ff567e-2d > .kt-inside-inner-col:before{opacity:0.3;}.kadence-column2_ff567e-2d{position:relative;}@media all and (max-width: 1024px){.kadence-column2_ff567e-2d > .kt-inside-inner-col{flex-direction:column;}}@media all and (max-width: 767px){.kadence-column2_ff567e-2d > .kt-inside-inner-col{flex-direction:column;}}<\/style>\n<div class=\"wp-block-kadence-column kadence-column2_ff567e-2d\"><div class=\"kt-inside-inner-col\"><div class=\"n2_clear\"><ss3-force-full-width data-overflow-x=\"body\" data-horizontal-selector=\"body\"><div class=\"n2-section-smartslider fitvidsignore  n2_clear\" data-ssid=\"2\"><div id=\"n2-ss-2-align\" class=\"n2-ss-align\"><div class=\"n2-padding\"><div id=\"n2-ss-2\" data-creator=\"Smart Slider 3\" data-responsive=\"fullwidth\" class=\"n2-ss-slider n2-ow n2-has-hover n2notransition  \"><div class=\"n2-ss-slider-wrapper-inside\">\n        <div class=\"n2-ss-slider-1 n2_ss__touch_element n2-ow\">\n            <div class=\"n2-ss-slider-2 n2-ow\">\n                                                <div class=\"n2-ss-slider-3 n2-ow\">\n\n                    <div class=\"n2-ss-slide-backgrounds n2-ow-all\"><div class=\"n2-ss-slide-background\" data-public-id=\"1\" data-mode=\"fill\"><div class=\"n2-ss-slide-background-image\" data-blur=\"0\" data-opacity=\"100\" data-x=\"50\" data-y=\"50\" data-alt=\"\" data-title=\"\"><picture class=\"skip-lazy\" data-skip-lazy=\"1\"><img decoding=\"async\" src=\"\/\/www.calorpanama.com\/wp-content\/uploads\/2025\/03\/B1.jpg\" alt=\"\" title=\"\" loading=\"lazy\" class=\"skip-lazy\" data-skip-lazy=\"1\"><\/picture><\/div><div data-color=\"RGBA(255,255,255,0)\" style=\"background-color: RGBA(255,255,255,0);\" class=\"n2-ss-slide-background-color\"><\/div><\/div><div class=\"n2-ss-slide-background\" data-public-id=\"2\" data-mode=\"fill\"><div class=\"n2-ss-slide-background-image\" data-blur=\"0\" data-opacity=\"100\" data-x=\"50\" data-y=\"50\" data-alt=\"\" data-title=\"\"><picture class=\"skip-lazy\" data-skip-lazy=\"1\"><img decoding=\"async\" src=\"\/\/www.calorpanama.com\/wp-content\/uploads\/2025\/03\/B2.jpg\" alt=\"\" title=\"\" loading=\"lazy\" class=\"skip-lazy\" data-skip-lazy=\"1\"><\/picture><\/div><div data-color=\"RGBA(255,255,255,0)\" style=\"background-color: RGBA(255,255,255,0);\" class=\"n2-ss-slide-background-color\"><\/div><\/div><div class=\"n2-ss-slide-background\" data-public-id=\"3\" data-mode=\"fill\"><div class=\"n2-ss-slide-background-image\" data-blur=\"0\" data-opacity=\"100\" data-x=\"50\" data-y=\"50\" data-alt=\"\" data-title=\"\"><picture class=\"skip-lazy\" data-skip-lazy=\"1\"><img decoding=\"async\" src=\"\/\/www.calorpanama.com\/wp-content\/uploads\/2025\/03\/B3.jpg\" alt=\"\" title=\"\" loading=\"lazy\" class=\"skip-lazy\" data-skip-lazy=\"1\"><\/picture><\/div><div data-color=\"RGBA(255,255,255,0)\" style=\"background-color: RGBA(255,255,255,0);\" class=\"n2-ss-slide-background-color\"><\/div><\/div><\/div>                    <div class=\"n2-ss-slider-4 n2-ow\">\n                        <svg xmlns=\"http:\/\/www.w3.org\/2000\/svg\" viewBox=\"0 0 1200 500\" data-related-device=\"desktopPortrait\" class=\"n2-ow n2-ss-preserve-size n2-ss-preserve-size--slider n2-ss-slide-limiter\"><\/svg><div data-first=\"1\" data-slide-duration=\"0\" data-id=\"3\" data-slide-public-id=\"1\" data-title=\"B1\" class=\"n2-ss-slide n2-ow  n2-ss-slide-3\"><div role=\"note\" class=\"n2-ss-slide--focus\" tabindex=\"-1\">B1<\/div><div class=\"n2-ss-layers-container n2-ss-slide-limiter n2-ow\"><div class=\"n2-ss-layer n2-ow n-uc-5cynA0bmJxsg\" data-sstype=\"slide\" data-pm=\"default\"><div class=\"n2-ss-layer n2-ow n-uc-sdpT4A5RkR2E\" data-pm=\"default\" data-sstype=\"content\" data-hasbackground=\"0\"><div class=\"n2-ss-section-main-content n2-ss-layer-with-background n2-ss-layer-content n2-ow n-uc-sdpT4A5RkR2E-inner\"><div class=\"n2-ss-layer n2-ow n-uc-qTFrvsTTauGQ\" data-pm=\"normal\" data-sstype=\"layer\"><div id=\"n2-ss-2item1\" class=\"n2-font-4407ea4075eb3928dfb3bd78abd52dba-hover   n2-ss-item-content n2-ss-text n2-ow\" style=\"display:block;\">Siente el calor en tu hogar<\/div><\/div><\/div><\/div><\/div><\/div><\/div><div data-slide-duration=\"0\" data-id=\"4\" data-slide-public-id=\"2\" data-title=\"B2\" class=\"n2-ss-slide n2-ow  n2-ss-slide-4\"><div role=\"note\" class=\"n2-ss-slide--focus\" tabindex=\"-1\">B2<\/div><div class=\"n2-ss-layers-container n2-ss-slide-limiter n2-ow\"><div class=\"n2-ss-layer n2-ow n-uc-koeBNLPeTSfb\" data-sstype=\"slide\" data-pm=\"default\"><div class=\"n2-ss-layer n2-ow n-uc-A1IQ0JbE2R9Z\" data-pm=\"default\" data-sstype=\"content\" data-hasbackground=\"0\"><div class=\"n2-ss-section-main-content n2-ss-layer-with-background n2-ss-layer-content n2-ow n-uc-A1IQ0JbE2R9Z-inner\"><div class=\"n2-ss-layer n2-ow n-uc-MbRMJeHrRVbK\" data-pm=\"normal\" data-sstype=\"layer\"><div id=\"n2-ss-2item2\" class=\"n2-font-45a3c2882975f0c71b643792a9473819-hover   n2-ss-item-content n2-ss-text n2-ow\" style=\"display:block;\">Conoce nuestras estufas a pellet<\/div><\/div><\/div><\/div><\/div><\/div><\/div><div data-slide-duration=\"0\" data-id=\"5\" data-slide-public-id=\"3\" data-title=\"B3\" class=\"n2-ss-slide n2-ow  n2-ss-slide-5\"><div role=\"note\" class=\"n2-ss-slide--focus\" tabindex=\"-1\">B3<\/div><div class=\"n2-ss-layers-container n2-ss-slide-limiter n2-ow\"><div class=\"n2-ss-layer n2-ow n-uc-PM9CBtyDCGdF\" data-sstype=\"slide\" data-pm=\"default\"><div class=\"n2-ss-layer n2-ow n-uc-ClXwIQ1XLP3e\" data-pm=\"default\" data-sstype=\"content\" data-hasbackground=\"0\"><div class=\"n2-ss-section-main-content n2-ss-layer-with-background n2-ss-layer-content n2-ow n-uc-ClXwIQ1XLP3e-inner\"><div class=\"n2-ss-layer n2-ow n-uc-DJLf5xRqnDpv\" data-pm=\"normal\" data-sstype=\"layer\"><div id=\"n2-ss-2item3\" class=\"n2-font-4d82daf2ea731ad9f33a2d136326f750-hover   n2-ss-item-content n2-ss-text n2-ow\" style=\"display:block;\">Soluciones de calefacci\u00f3n eficientes y ecol\u00f3gicas<\/div><\/div><\/div><\/div><\/div><\/div><\/div>                    <\/div>\n\n                                    <\/div>\n            <\/div>\n        <\/div>\n        <div class=\"n2-ss-slider-controls n2-ss-slider-controls-absolute-left-center\"><div style=\"--widget-offset:15px;\" class=\"n2-ss-widget nextend-arrow n2-ow-all nextend-arrow-previous  nextend-arrow-animated-fade\" id=\"n2-ss-2-arrow-previous\" role=\"button\" aria-label=\"previous arrow\" tabindex=\"0\"><img loading=\"lazy\" decoding=\"async\" width=\"32\" height=\"32\" class=\"skip-lazy\" data-skip-lazy=\"1\" src=\"data:image\/svg+xml;base64,PHN2ZyB3aWR0aD0iMzIiIGhlaWdodD0iMzIiIHZpZXdCb3g9IjAgMCAzMiAzMiIgeG1sbnM9Imh0dHA6Ly93d3cudzMub3JnLzIwMDAvc3ZnIj4KICAgIDxwYXRoIGQ9Ik0xMS40MzMgMTUuOTkyTDIyLjY5IDUuNzEyYy4zOTMtLjM5LjM5My0xLjAzIDAtMS40Mi0uMzkzLS4zOS0xLjAzLS4zOS0xLjQyMyAwbC0xMS45OCAxMC45NGMtLjIxLjIxLS4zLjQ5LS4yODUuNzYtLjAxNS4yOC4wNzUuNTYuMjg0Ljc3bDExLjk4IDEwLjk0Yy4zOTMuMzkgMS4wMy4zOSAxLjQyNCAwIC4zOTMtLjQuMzkzLTEuMDMgMC0xLjQybC0xMS4yNTctMTAuMjkiCiAgICAgICAgICBmaWxsPSIjZmZmZmZmIiBvcGFjaXR5PSIwLjgiIGZpbGwtcnVsZT0iZXZlbm9kZCIvPgo8L3N2Zz4=\" alt=\"previous arrow\"><\/div><\/div><div class=\"n2-ss-slider-controls n2-ss-slider-controls-absolute-right-center\"><div style=\"--widget-offset:15px;\" class=\"n2-ss-widget nextend-arrow n2-ow-all nextend-arrow-next  nextend-arrow-animated-fade\" id=\"n2-ss-2-arrow-next\" role=\"button\" aria-label=\"next arrow\" tabindex=\"0\"><img loading=\"lazy\" decoding=\"async\" width=\"32\" height=\"32\" class=\"skip-lazy\" data-skip-lazy=\"1\" src=\"data:image\/svg+xml;base64,PHN2ZyB3aWR0aD0iMzIiIGhlaWdodD0iMzIiIHZpZXdCb3g9IjAgMCAzMiAzMiIgeG1sbnM9Imh0dHA6Ly93d3cudzMub3JnLzIwMDAvc3ZnIj4KICAgIDxwYXRoIGQ9Ik0xMC43MjIgNC4yOTNjLS4zOTQtLjM5LTEuMDMyLS4zOS0xLjQyNyAwLS4zOTMuMzktLjM5MyAxLjAzIDAgMS40MmwxMS4yODMgMTAuMjgtMTEuMjgzIDEwLjI5Yy0uMzkzLjM5LS4zOTMgMS4wMiAwIDEuNDIuMzk1LjM5IDEuMDMzLjM5IDEuNDI3IDBsMTIuMDA3LTEwLjk0Yy4yMS0uMjEuMy0uNDkuMjg0LS43Ny4wMTQtLjI3LS4wNzYtLjU1LS4yODYtLjc2TDEwLjcyIDQuMjkzeiIKICAgICAgICAgIGZpbGw9IiNmZmZmZmYiIG9wYWNpdHk9IjAuOCIgZmlsbC1ydWxlPSJldmVub2RkIi8+Cjwvc3ZnPg==\" alt=\"next arrow\"><\/div><\/div><\/div><\/div><ss3-loader><\/ss3-loader><\/div><\/div><div class=\"n2_clear\"><\/div><\/div><\/ss3-force-full-width><\/div>\n\n<style>.kb-row-layout-id2_ae900a-e7 > .kt-row-column-wrap{align-content:start;}:where(.kb-row-layout-id2_ae900a-e7 > .kt-row-column-wrap) > .wp-block-kadence-column{justify-content:start;}.kb-row-layout-id2_ae900a-e7 > .kt-row-column-wrap{column-gap:var(--global-kb-gap-md, 2rem);row-gap:var(--global-kb-gap-md, 2rem);max-width:2000px;margin-left:auto;margin-right:auto;padding-top:var(--global-kb-spacing-md, 2rem);grid-template-columns:minmax(0, 1fr);}.kb-row-layout-id2_ae900a-e7{background-color:#92a072;}.kb-row-layout-id2_ae900a-e7 > .kt-row-layout-overlay{opacity:0.30;}@media all and (max-width: 1024px){.kb-row-layout-id2_ae900a-e7 > .kt-row-column-wrap{grid-template-columns:minmax(0, 1fr);}}@media all and (max-width: 767px){.kb-row-layout-id2_ae900a-e7 > .kt-row-column-wrap{grid-template-columns:minmax(0, 1fr);}}<\/style><div class=\"kb-row-layout-wrap kb-row-layout-id2_ae900a-e7 alignfull kt-row-has-bg wp-block-kadence-rowlayout\"><div class=\"kt-row-column-wrap kt-has-1-columns kt-row-layout-equal kt-tab-layout-inherit kt-mobile-layout-row kt-row-valign-top\">\n<style>.kadence-column2_8d7815-11 > .kt-inside-inner-col,.kadence-column2_8d7815-11 > .kt-inside-inner-col:before{border-top-left-radius:0px;border-top-right-radius:0px;border-bottom-right-radius:0px;border-bottom-left-radius:0px;}.kadence-column2_8d7815-11 > .kt-inside-inner-col{column-gap:var(--global-kb-gap-sm, 1rem);}.kadence-column2_8d7815-11 > .kt-inside-inner-col{flex-direction:column;}.kadence-column2_8d7815-11 > .kt-inside-inner-col > .aligncenter{width:100%;}.kadence-column2_8d7815-11 > .kt-inside-inner-col:before{opacity:0.3;}.kadence-column2_8d7815-11{position:relative;}@media all and (max-width: 1024px){.kadence-column2_8d7815-11 > .kt-inside-inner-col{flex-direction:column;}}@media all and (max-width: 767px){.kadence-column2_8d7815-11 > .kt-inside-inner-col{flex-direction:column;}}<\/style>\n<div class=\"wp-block-kadence-column kadence-column2_8d7815-11\"><div class=\"kt-inside-inner-col\"><style>.wp-block-kadence-advancedheading.kt-adv-heading2_e5fde9-48, .wp-block-kadence-advancedheading.kt-adv-heading2_e5fde9-48[data-kb-block=\"kb-adv-heading2_e5fde9-48\"]{text-align:center;font-size:24px;font-weight:500;font-style:normal;font-family:Outfit;color:#ffffff;}.wp-block-kadence-advancedheading.kt-adv-heading2_e5fde9-48 mark.kt-highlight, .wp-block-kadence-advancedheading.kt-adv-heading2_e5fde9-48[data-kb-block=\"kb-adv-heading2_e5fde9-48\"] mark.kt-highlight{font-style:normal;color:#f76a0c;-webkit-box-decoration-break:clone;box-decoration-break:clone;padding-top:0px;padding-right:0px;padding-bottom:0px;padding-left:0px;}<\/style>\n<h2 class=\"kt-adv-heading2_e5fde9-48 wp-block-kadence-advancedheading\" data-kb-block=\"kb-adv-heading2_e5fde9-48\">Especialistas en Chimeneas y estufas para Panam\u00e1. Zona Boquete<\/h2>\n\n\n<style>.wp-block-kadence-spacer.kt-block-spacer-2_94652b-76 .kt-block-spacer{height:30px;}.wp-block-kadence-spacer.kt-block-spacer-2_94652b-76 .kt-divider{border-top-width:1px;height:1px;border-top-color:#eee;width:80%;border-top-style:solid;}<\/style>\n<div class=\"wp-block-kadence-spacer aligncenter kt-block-spacer-2_94652b-76\"><div class=\"kt-block-spacer kt-block-spacer-halign-center\"><\/div><\/div>\n\n\n<style>.wp-block-kadence-advancedheading.kt-adv-heading2_c187b6-15, .wp-block-kadence-advancedheading.kt-adv-heading2_c187b6-15[data-kb-block=\"kb-adv-heading2_c187b6-15\"]{text-align:center;font-size:22px;font-weight:500;font-style:normal;font-family:Outfit;color:#ffffff;}.wp-block-kadence-advancedheading.kt-adv-heading2_c187b6-15 mark.kt-highlight, .wp-block-kadence-advancedheading.kt-adv-heading2_c187b6-15[data-kb-block=\"kb-adv-heading2_c187b6-15\"] mark.kt-highlight{font-style:normal;color:#f76a0c;-webkit-box-decoration-break:clone;box-decoration-break:clone;padding-top:0px;padding-right:0px;padding-bottom:0px;padding-left:0px;}<\/style>\n<h2 class=\"kt-adv-heading2_c187b6-15 wp-block-kadence-advancedheading\" data-kb-block=\"kb-adv-heading2_c187b6-15\">Contact\u00e1ctanos<\/h2>\n\n\n<style>.wp-block-kadence-advancedheading.kt-adv-heading2_640b16-14, .wp-block-kadence-advancedheading.kt-adv-heading2_640b16-14[data-kb-block=\"kb-adv-heading2_640b16-14\"]{text-align:center;font-size:18px;font-weight:500;font-style:normal;font-family:Outfit;color:#ffffff;}.wp-block-kadence-advancedheading.kt-adv-heading2_640b16-14 mark.kt-highlight, .wp-block-kadence-advancedheading.kt-adv-heading2_640b16-14[data-kb-block=\"kb-adv-heading2_640b16-14\"] mark.kt-highlight{font-style:normal;color:#f76a0c;-webkit-box-decoration-break:clone;box-decoration-break:clone;padding-top:0px;padding-right:0px;padding-bottom:0px;padding-left:0px;}<\/style>\n<h2 class=\"kt-adv-heading2_640b16-14 wp-block-kadence-advancedheading\" data-kb-block=\"kb-adv-heading2_640b16-14\"><br>Edificio Torre Advanced,<br>Oficina 2B- Piso 2 Calle Beatriz M de Cabal<br>Ciudad de Panam\u00e1, Panam\u00e1<\/h2>\n\n\n<style>.wp-block-kadence-advancedheading.kt-adv-heading2_8d1105-5d, .wp-block-kadence-advancedheading.kt-adv-heading2_8d1105-5d[data-kb-block=\"kb-adv-heading2_8d1105-5d\"]{text-align:center;font-size:18px;font-weight:500;font-style:normal;font-family:Outfit;color:#ffffff;}.wp-block-kadence-advancedheading.kt-adv-heading2_8d1105-5d mark.kt-highlight, .wp-block-kadence-advancedheading.kt-adv-heading2_8d1105-5d[data-kb-block=\"kb-adv-heading2_8d1105-5d\"] mark.kt-highlight{font-style:normal;color:#f76a0c;-webkit-box-decoration-break:clone;box-decoration-break:clone;padding-top:0px;padding-right:0px;padding-bottom:0px;padding-left:0px;}<\/style>\n<h2 class=\"kt-adv-heading2_8d1105-5d wp-block-kadence-advancedheading\" data-kb-block=\"kb-adv-heading2_8d1105-5d\">fono: +17869302479<\/h2>\n\n\n<style>.wp-block-kadence-spacer.kt-block-spacer-2_0aaca0-59 .kt-block-spacer{height:60px;}.wp-block-kadence-spacer.kt-block-spacer-2_0aaca0-59 .kt-divider{border-top-width:1px;height:1px;border-top-color:#eee;width:80%;border-top-style:solid;}<\/style>\n<div class=\"wp-block-kadence-spacer aligncenter kt-block-spacer-2_0aaca0-59\"><div class=\"kt-block-spacer kt-block-spacer-halign-center\"><\/div><\/div>\n\n\n<style>.wp-block-kadence-advancedheading.kt-adv-heading2_737dec-b4, .wp-block-kadence-advancedheading.kt-adv-heading2_737dec-b4[data-kb-block=\"kb-adv-heading2_737dec-b4\"]{text-align:center;font-size:14px;font-weight:400;font-style:normal;font-family:Outfit;color:#ffffff;}.wp-block-kadence-advancedheading.kt-adv-heading2_737dec-b4 mark.kt-highlight, .wp-block-kadence-advancedheading.kt-adv-heading2_737dec-b4[data-kb-block=\"kb-adv-heading2_737dec-b4\"] mark.kt-highlight{font-style:normal;color:#f76a0c;-webkit-box-decoration-break:clone;box-decoration-break:clone;padding-top:0px;padding-right:0px;padding-bottom:0px;padding-left:0px;}<\/style>\n<h2 class=\"kt-adv-heading2_737dec-b4 wp-block-kadence-advancedheading\" data-kb-block=\"kb-adv-heading2_737dec-b4\">Todos los Derechos Reservados _ Calor Panama _ 2025<\/h2>\n<\/div><\/div>\n\n<\/div><\/div><\/div><\/div>\n\n<\/div><\/div>\n\n\n<p><\/p>\n","protected":false},"excerpt":{"rendered":"<p>Especialistas en Chimeneas y estufas para Panam\u00e1. Zona Boquete Contact\u00e1ctanos Edificio Torre Advanced,Oficina 2B- Piso 2 Calle Beatriz M de CabalCiudad de Panam\u00e1, Panam\u00e1 fono: +17869302479 Todos los Derechos Reservados _ Calor Panama _ 2025<\/p>\n","protected":false},"author":1,"featured_media":0,"parent":0,"menu_order":0,"comment_status":"closed","ping_status":"closed","template":"","meta":{"_kad_post_transparent":"","_kad_post_title":"","_kad_post_layout":"","_kad_post_sidebar_id":"","_kad_post_content_style":"","_kad_post_vertical_padding":"","_kad_post_feature":"","_kad_post_feature_position":"","_kad_post_header":false,"_kad_post_footer":false,"footnotes":""},"class_list":["post-2","page","type-page","status-publish","hentry"],"_links":{"self":[{"href":"https:\/\/www.calorpanama.com\/index.php\/wp-json\/wp\/v2\/pages\/2","targetHints":{"allow":["GET"]}}],"collection":[{"href":"https:\/\/www.calorpanama.com\/index.php\/wp-json\/wp\/v2\/pages"}],"about":[{"href":"https:\/\/www.calorpanama.com\/index.php\/wp-json\/wp\/v2\/types\/page"}],"author":[{"embeddable":true,"href":"https:\/\/www.calorpanama.com\/index.php\/wp-json\/wp\/v2\/users\/1"}],"replies":[{"embeddable":true,"href":"https:\/\/www.calorpanama.com\/index.php\/wp-json\/wp\/v2\/comments?post=2"}],"version-history":[{"count":14,"href":"https:\/\/www.calorpanama.com\/index.php\/wp-json\/wp\/v2\/pages\/2\/revisions"}],"predecessor-version":[{"id":40,"href":"https:\/\/www.calorpanama.com\/index.php\/wp-json\/wp\/v2\/pages\/2\/revisions\/40"}],"wp:attachment":[{"href":"https:\/\/www.calorpanama.com\/index.php\/wp-json\/wp\/v2\/media?parent=2"}],"curies":[{"name":"wp","href":"https:\/\/api.w.org\/{rel}","templated":true}]}}